{"id":90,"date":"2018-07-13T20:58:52","date_gmt":"2018-07-13T20:58:52","guid":{"rendered":"http:\/\/fv-gsmarkelsheim.de\/?page_id=90"},"modified":"2018-07-13T20:58:52","modified_gmt":"2018-07-13T20:58:52","slug":"datenschutzerklaerung","status":"publish","type":"page","link":"https:\/\/fv-gsmarkelsheim.de\/?page_id=90","title":{"rendered":"Datenschutzerkl\u00e4rung"},"content":{"rendered":"<p><b>Datenschutzerkl\u00e4rung<\/b><\/p>\n<p>Allgemeine Hinweise<\/p>\n<p>Nachfolgend m\u00f6chten wir Sie \u00fcber die Art, den Umfang und die Zwecke der Erhebung und Verwendung Ihrer personenbezogenen Daten auf unserer Webseite informieren. Wir behandeln personenbezogene Daten gem\u00e4\u00df dieser Datenschutzerkl\u00e4rung und der gesetzlichen Vorschriften grunds\u00e4tzlich vertraulich. Den Schutz Ihrer pers\u00f6nlichen Daten nehmen wir sehr ernst. Wenn Sie unsere Website benutzen, werden verschiedene personenbezogene Daten erhoben. Personenbezogene Daten sind Daten, mit denen Sie pers\u00f6nlich identifiziert werden k\u00f6nnen. Die vorliegende Datenschutzerkl\u00e4rung erl\u00e4utert, welche Daten wir erheben und wof\u00fcr wir diese nutzen. Sie erl\u00e4utert auch, wie und zu welchem Zweck das geschieht. Eine Daten\u00fcbertragung im Internet kann z.B. bei E-Mail-Kommunikation Sicherheitsl\u00fccken aufweisen Wir m\u00f6chten Sie darauf hinweisen, dass ein l\u00fcckenloser Schutz der Daten vor dem Zugriff durch Dritte nicht m\u00f6glich ist.<\/p>\n<p>Datenerfassung auf unserer Website<\/p>\n<p><b>Wer ist verantwortlich f\u00fcr die Datenerfassung auf dieser Website?<\/b><\/p>\n<p>F\u00f6rderverein der Grundschule am Engelsberg Markelsheim e.V.<\/p>\n<p>Engelsberg 4, 97980 Markelsheim<\/p>\n<p>Vorstand i. S. d. \u00a7 26 BGB Christine Kuhnh\u00e4user<\/p>\n<p>Hosting<\/p>\n<p>Unsere in Anspruch genommenen Hosting-Leistungen, um den Betrieb der Homepage sicherzustellen, umfassen folgende Leistungen: Plattformdienstleistungen, Webspace, Datenbank, technische Wartung.<\/p>\n<p>Welche Daten werden erfasst und wie?<\/p>\n<p><b>Server-Log-Dateien<\/b><\/p>\n<p>Der Provider der Seiten erhebt und speichert automatisch Informationen in so genannten Server-Log- Dateien, die Ihr Browser automatisch \u00fcbermittelt. Dies sind:<\/p>\n<ul>\n<li>Browsertyp und Browserversion<\/li>\n<li>verwendetes Betriebssystem<\/li>\n<li>Referrer URL<\/li>\n<li>Hostname des zugreifenden Rechners<\/li>\n<li>Uhrzeit der Serveranfrage<\/li>\n<li>IP-Adresse<\/li>\n<\/ul>\n<p>Diese werden ben\u00f6tigt, um Angriffe, einen fehlerhaften Code oder allgemeine Fehler zu identifizieren und werden nach vier Wochen vom Webserver automatisch gel\u00f6scht. Eine Zusammenf\u00fchrung dieser Daten mit anderen Datenquellen findet nicht statt. Grundlage f\u00fcr die Datenverarbeitung ist Art. 6 Abs. 1, b DSGVO, der die Verarbeitung von Daten zur Erf\u00fcllung eines Vertrags oder vorvertraglicher Ma\u00dfnahmen gestattet.<\/p>\n<p><b>Cookies<\/b><\/p>\n<p>Die Internetseiten verwenden so genannte Cookies. Cookies richten auf Ihrem Rechner keinen Schaden an und enthalten keine Viren. Cookies dienen dazu, unser Angebot nutzerfreundlicher, effektiver und sicherer zu machen. Cookies sind kleine Textdateien, die auf Ihrem Rechner abgelegt werden und die Ihr Browser speichert.<\/p>\n<p>Die meisten der von uns verwendeten Cookies sind so genannte \u201cSession-Cookies\u201d. Sie werden nach Ende Ihres Besuchs automatisch gel\u00f6scht. Andere Cookies bleiben auf Ihrem Endger\u00e4t gespeichert bis Sie diese l\u00f6schen. Diese Cookies erm\u00f6glichen es uns, Ihren Browser beim n\u00e4chsten Besuch wiederzuerkennen.<\/p>\n<p>Sie k\u00f6nnen Ihren Browser so einstellen, dass Sie \u00fcber das Setzen von Cookies informiert werden und Cookies nur im Einzelfall erlauben, die Annahme von Cookies f\u00fcr bestimmte F\u00e4lle oder generell ausschlie\u00dfen sowie das automatische L\u00f6schen der Cookies beim Schlie\u00dfen des Browsers aktivieren. Bei der Deaktivierung von Cookies kann die Funktionalit\u00e4t dieser Website eingeschr\u00e4nkt sein.<\/p>\n<p>Cookies, die zur Durchf\u00fchrung des elektronischen Kommunikationsvorgangs oder zur Bereitstellung bestimmter, von Ihnen erw\u00fcnschter Funktionen (z.B. Warenkorbfunktion) erforderlich sind, werden auf Grundlage von Art. 6 Abs. 1, f DSGVO gespeichert. Der Websitebetreiber hat ein berechtigtes Interesse an der Speicherung von Cookies zur technisch fehlerfreien und optimierten Bereitstellung seiner Dienste.<\/p>\n<p>Wof\u00fcr werden erhobene Daten genutzt?<\/p>\n<p>Ein Teil der Daten wird erhoben, um eine fehlerfreie Bereitstellung der Website zu gew\u00e4hrleisten. Andere Daten k\u00f6nnen zur Analyse des Nutzerverhaltens verwendet werden.<\/p>\n<p>Analyse-Tools und Tools von Drittanbietern<\/p>\n<p>Wir verwenden keine Analyse-Tools und Tools von Drittanbietern.<\/p>\n<p>Welche Rechte haben Sie bez\u00fcglich Ihrer Daten?<\/p>\n<p><b>Auskunft, Sperrung, L\u00f6schung<\/b><\/p>\n<p>Sie haben jederzeit das Recht unentgeltlich Auskunft \u00fcber Herkunft, Empf\u00e4nger und Zweck Ihrer gespeicherten personenbezogenen Daten zu erhalten. Sie haben au\u00dferdem das Recht, die Berichtigung, Sperrung oder L\u00f6schung Ihrer Daten zu verlangen. Des Weiteren steht Ihnen ein Beschwerderecht bei der zust\u00e4ndigen Aufsichtsbeh\u00f6rde zu.<\/p>\n<p><b>Widerruf Ihrer Einwilligung zur Datenverarbeitung<\/b><\/p>\n<p>Viele Datenverarbeitungsvorg\u00e4nge sind nur mit Ihrer ausdr\u00fccklichen Einwilligung m\u00f6glich. Sie k\u00f6nnen eine bereits erteilte Einwilligung jederzeit widerrufen. Dazu reicht eine formlose Mitteilung per E-Mail an uns. Die Rechtm\u00e4\u00dfigkeit der bis zum Widerruf erfolgten Datenverarbeitung bleibt vom Widerruf unber\u00fchrt.<\/p>\n<p><b>Ver\u00f6ffentlichung von Daten und Fotos auf der Homepage<\/b><\/p>\n<p>In unseren online-Medien wird in Ton, Bild, Video und Text berichtet. Entsprechende Einwilligungserkl\u00e4rungen werden mit der Anmeldung ausgeh\u00e4ndigt und liegen der Vereinsf\u00fchrung vor.<\/p>\n<p><b>Beschwerderecht bei der zust\u00e4ndigen Aufsichtsbeh\u00f6rde<\/b><\/p>\n<p>Im Falle datenschutzrechtlicher Verst\u00f6\u00dfe steht dem Betroffenen ein Beschwerderecht bei der zust\u00e4ndigen Aufsichtsbeh\u00f6rde zu. Die Beschwerde kann an die zust\u00e4ndigen Landesdatenschutzbeauftragten der Aufsichtsbeh\u00f6rde erfolgen.<\/p>\n<p><b><br \/>\nRecht auf Daten\u00fcbertragbarkeit<\/b><\/p>\n<p>Sie haben das Recht, Daten, die wir auf Grundlage Ihrer Einwilligung oder in Erf\u00fcllung eines Vertrags automatisiert verarbeiten, an sich oder an einen Dritten in einem g\u00e4ngigen, maschinenlesbaren Format aush\u00e4ndigen zu lassen. Sofern Sie die direkte \u00dcbertragung der Daten an einen anderen Verantwortlichen verlangen, erfolgt dies nur, soweit es technisch machbar ist.<\/p>\n<p><b><br \/>\nSSL- bzw. TLS-Verschl\u00fcsselung<\/b><\/p>\n<p>Diese Seite nutzt aus Sicherheitsgr\u00fcnden und zum Schutz der \u00dcbertragung vertraulicher Inhalte, wie zum Beispiel Bestellungen oder Anfragen, die Sie an uns als Seitenbetreiber senden, eine SSL-bzw. TLS-Verschl\u00fcsselung. Eine verschl\u00fcsselte Verbindung erkennen Sie daran, dass die Adresszeile des Browsers von \u201chttp:\/\/\u201d auf \u201chttps:\/\/\u201d wechselt und an dem Schloss-Symbol in Ihrer Browserzeile. Wenn die SSL- bzw. TLS-Verschl\u00fcsselung aktiviert ist, k\u00f6nnen die Daten, die Sie an uns \u00fcbermitteln, nicht von Dritten mitgelesen werden.<\/p>\n","protected":false},"excerpt":{"rendered":"<p>Datenschutzerkl\u00e4rung Allgemeine Hinweise Nachfolgend m\u00f6chten wir Sie \u00fcber die Art, den Umfang und die Zwecke der Erhebung und Verwendung Ihrer personenbezogenen Daten auf unserer Webseite informieren. Wir behandeln personenbezogene Daten gem\u00e4\u00df dieser Datenschutzerkl\u00e4rung und der gesetzlichen Vorschriften grunds\u00e4tzlich vertraulich. Den Schutz Ihrer pers\u00f6nlichen Daten nehmen wir sehr ernst. Wenn Sie unsere Website benutzen, werden verschiedene [&hellip;]<\/p>\n","protected":false},"author":2,"featured_media":0,"parent":0,"menu_order":0,"comment_status":"closed","ping_status":"closed","template":"","meta":{"footnotes":""},"class_list":["post-90","page","type-page","status-publish","hentry"],"_links":{"self":[{"href":"https:\/\/fv-gsmarkelsheim.de\/index.php?rest_route=\/wp\/v2\/pages\/90","targetHints":{"allow":["GET"]}}],"collection":[{"href":"https:\/\/fv-gsmarkelsheim.de\/index.php?rest_route=\/wp\/v2\/pages"}],"about":[{"href":"https:\/\/fv-gsmarkelsheim.de\/index.php?rest_route=\/wp\/v2\/types\/page"}],"author":[{"embeddable":true,"href":"https:\/\/fv-gsmarkelsheim.de\/index.php?rest_route=\/wp\/v2\/users\/2"}],"replies":[{"embeddable":true,"href":"https:\/\/fv-gsmarkelsheim.de\/index.php?rest_route=%2Fwp%2Fv2%2Fcomments&post=90"}],"version-history":[{"count":1,"href":"https:\/\/fv-gsmarkelsheim.de\/index.php?rest_route=\/wp\/v2\/pages\/90\/revisions"}],"predecessor-version":[{"id":91,"href":"https:\/\/fv-gsmarkelsheim.de\/index.php?rest_route=\/wp\/v2\/pages\/90\/revisions\/91"}],"wp:attachment":[{"href":"https:\/\/fv-gsmarkelsheim.de\/index.php?rest_route=%2Fwp%2Fv2%2Fmedia&parent=90"}],"curies":[{"name":"wp","href":"https:\/\/api.w.org\/{rel}","templated":true}]}}